{"id":2798,"date":"2018-03-09T20:34:06","date_gmt":"2018-03-09T20:34:06","guid":{"rendered":"http:\/\/www.feuerwehr-daun.de\/wp\/?page_id=2798"},"modified":"2024-05-22T19:42:06","modified_gmt":"2024-05-22T17:42:06","slug":"hlf-20-16","status":"publish","type":"page","link":"https:\/\/www.feuerwehr-daun.de\/wp\/fahrzeuge\/hlf-20-16\/","title":{"rendered":"HLF 20\/16"},"content":{"rendered":"\n<figure class=\"wp-block-table\"><table><tbody><tr><td class=\"has-text-align-center\" data-align=\"center\"><img loading=\"lazy\" decoding=\"async\" class=\"aligncenter size-full wp-image-2652\" src=\"http:\/\/www.feuerwehr-daun.de\/wp\/wp-content\/uploads\/2018\/01\/HLF-zu.jpg\" alt=\"\" width=\"400\" height=\"266\" srcset=\"https:\/\/www.feuerwehr-daun.de\/wp\/wp-content\/uploads\/2018\/01\/HLF-zu.jpg 400w, https:\/\/www.feuerwehr-daun.de\/wp\/wp-content\/uploads\/2018\/01\/HLF-zu-300x200.jpg 300w\" sizes=\"auto, (max-width: 400px) 100vw, 400px\" \/><\/td><td class=\"has-text-align-center\" data-align=\"center\"><img loading=\"lazy\" decoding=\"async\" class=\"aligncenter size-full wp-image-2801\" src=\"http:\/\/www.feuerwehr-daun.de\/wp\/wp-content\/uploads\/2018\/03\/HLF-hinten.jpg\" alt=\"\" width=\"400\" height=\"266\" srcset=\"https:\/\/www.feuerwehr-daun.de\/wp\/wp-content\/uploads\/2018\/03\/HLF-hinten.jpg 400w, https:\/\/www.feuerwehr-daun.de\/wp\/wp-content\/uploads\/2018\/03\/HLF-hinten-300x200.jpg 300w\" sizes=\"auto, (max-width: 400px) 100vw, 400px\" \/><\/td><\/tr><\/tbody><\/table><\/figure>\n\n\n\n<figure class=\"wp-block-table\"><table><tbody><tr><td>&nbsp;zur\u00fcck zum <a href=\"http:\/\/www.feuerwehr-daun.de\/wp\/fahrzeuge\/kdow\/\">KdoW<\/a><\/td><td class=\"has-text-align-center\" data-align=\"center\"> <a href=\"https:\/\/www.feuerwehr-daun.de\/wp\/fahrzeuge\/\">zur\u00fcck zu Fahrzeuge<\/a> <\/td><td class=\"has-text-align-right\" data-align=\"right\">weiter zum <a href=\"http:\/\/www.feuerwehr-daun.de\/wp\/fahrzeuge\/tgm-23-12\/\">TGM 23\/12<\/a><\/td><\/tr><\/tbody><\/table><\/figure>\n\n\n\n<p>Das Hilfeleistungsl\u00f6schgruppenfahrzeug (HLF 20\/16) ist das Erstangriffsfahrzeug der Feuerwehr Daun und Teil des L\u00f6schzuges. Im F\u00fchrerhaus ist Platz f\u00fcr eine Gruppe, also neun Frauen und M\u00e4nner. Auf zwei Sitzpl\u00e4tzen sind Atemschutzger\u00e4te verlastet, damit der Angriffstrupp sich auch schon w\u00e4hrend der Anfahrt zum Einsatzort ausr\u00fcsten kann. Das Fahrzeug ist sowohl f\u00fcr die technische Hilfe als auch f\u00fcr den L\u00f6scheinsatz ausgestattet. Um auch bei Nacht einen guten \u00dcberblick an der Einsatzstelle zu haben, verf\u00fcgt das Hilfeleistungsl\u00f6schgruppenfahrzeug \u00fcber einen Lichtmast, welcher vom Maschinisten bedient werden kann. Ebenfalls ist ein Stromaggregat fest eingebaut, um elektrische Werkzeuge, wie z.B.: das Plasmaschneideger\u00e4t, Flutlicht, etc. mit Strom zu versorgen.<\/p>\n\n\n\n<p>Ebenfalls befinden sich Schere und Spreizer an Bord, um eingeklemmte Personen aus einem verunfallten Fahrzeug befreien zu k\u00f6nnen.<\/p>\n\n\n\n<h3 class=\"wp-block-heading\">Beladung<\/h3>\n\n\n<div class=\"wp-block-image\">\n<figure class=\"aligncenter\"><img loading=\"lazy\" decoding=\"async\" width=\"900\" height=\"500\" src=\"http:\/\/www.feuerwehr-daun.de\/wp\/wp-content\/uploads\/2018\/03\/offen-rechts.jpg\" alt=\"\" class=\"wp-image-2803\" srcset=\"https:\/\/www.feuerwehr-daun.de\/wp\/wp-content\/uploads\/2018\/03\/offen-rechts.jpg 900w, https:\/\/www.feuerwehr-daun.de\/wp\/wp-content\/uploads\/2018\/03\/offen-rechts-300x167.jpg 300w, https:\/\/www.feuerwehr-daun.de\/wp\/wp-content\/uploads\/2018\/03\/offen-rechts-768x427.jpg 768w\" sizes=\"auto, (max-width: 900px) 100vw, 900px\" \/><\/figure>\n<\/div>\n\n\n<p><\/p>\n\n\n<div class=\"wp-block-image\">\n<figure class=\"aligncenter\"><img loading=\"lazy\" decoding=\"async\" width=\"900\" height=\"500\" src=\"http:\/\/www.feuerwehr-daun.de\/wp\/wp-content\/uploads\/2018\/03\/offen-links.jpg\" alt=\"\" class=\"wp-image-2802\" srcset=\"https:\/\/www.feuerwehr-daun.de\/wp\/wp-content\/uploads\/2018\/03\/offen-links.jpg 900w, https:\/\/www.feuerwehr-daun.de\/wp\/wp-content\/uploads\/2018\/03\/offen-links-300x167.jpg 300w, https:\/\/www.feuerwehr-daun.de\/wp\/wp-content\/uploads\/2018\/03\/offen-links-768x427.jpg 768w\" sizes=\"auto, (max-width: 900px) 100vw, 900px\" \/><\/figure>\n<\/div>\n\n\n<p><\/p>\n\n\n\n<h3 class=\"wp-block-heading\">Technische Daten<\/h3>\n\n\n\n<p>Fahrzeugart: Hilfeleistungsl\u00f6schgruppenfahrzeug 20\/16<\/p>\n\n\n\n<p>Funkrufname: Florian Daun 5\/46-1<\/p>\n\n\n\n<p>Wassertank: 1600 l<\/p>\n\n\n\n<p>Pumpenleistung: 2000 l\/min<\/p>\n\n\n\n<p>Fahrgestell: Mercedes Benz Atego 1529 4&#215;4 (permanenter Allrad)<\/p>\n\n\n\n<p>Motorleistung: 285 PS<\/p>\n\n\n\n<p>Hubraum: 6374 ccm<\/p>\n\n\n\n<p>zul\u00e4ssiges Gesamtgewicht: 14.500 Kg<\/p>\n\n\n\n<p>Fahrzeugaufbau: Ziegler<\/p>\n\n\n\n<p>Baujahr: 2006<\/p>\n\n\n\n<p>Indienststellung: 2007<\/p>\n\n\n\n<p>Besatzung: Gruppe (9 Personen) (1\/8)<\/p>\n\n\n\n<p>Aufgabenbereich: Technische Hilfeleistung, Brandeins\u00e4tze, &#8230;<\/p>\n\n\n\n<p>Lichtmast: Ja (pneumatisch)<\/p>\n\n\n\n<h3 class=\"wp-block-heading\">Das Fahrzeug im Einsatz<\/h3>\n\n\n<div class=\"wp-block-image\">\n<figure class=\"aligncenter\"><img loading=\"lazy\" decoding=\"async\" width=\"900\" height=\"400\" src=\"http:\/\/www.feuerwehr-daun.de\/wp\/wp-content\/uploads\/2017\/03\/Wirichstr-a-900x400.jpg\" alt=\"\" class=\"wp-image-1817\" srcset=\"https:\/\/www.feuerwehr-daun.de\/wp\/wp-content\/uploads\/2017\/03\/Wirichstr-a-900x400.jpg 900w, https:\/\/www.feuerwehr-daun.de\/wp\/wp-content\/uploads\/2017\/03\/Wirichstr-a-900x400-300x133.jpg 300w, https:\/\/www.feuerwehr-daun.de\/wp\/wp-content\/uploads\/2017\/03\/Wirichstr-a-900x400-768x341.jpg 768w\" sizes=\"auto, (max-width: 900px) 100vw, 900px\" \/><\/figure>\n<\/div>\n\n\n<p><\/p>\n\n\n<div class=\"wp-block-image\">\n<figure class=\"aligncenter\"><img loading=\"lazy\" decoding=\"async\" width=\"900\" height=\"400\" src=\"http:\/\/www.feuerwehr-daun.de\/wp\/wp-content\/uploads\/2018\/03\/HLF-1.jpg\" alt=\"\" class=\"wp-image-2812\" srcset=\"https:\/\/www.feuerwehr-daun.de\/wp\/wp-content\/uploads\/2018\/03\/HLF-1.jpg 900w, https:\/\/www.feuerwehr-daun.de\/wp\/wp-content\/uploads\/2018\/03\/HLF-1-300x133.jpg 300w, https:\/\/www.feuerwehr-daun.de\/wp\/wp-content\/uploads\/2018\/03\/HLF-1-768x341.jpg 768w\" sizes=\"auto, (max-width: 900px) 100vw, 900px\" \/><\/figure>\n<\/div>\n\n\n<p><\/p>\n\n\n<div class=\"wp-block-image\">\n<figure class=\"aligncenter\"><img loading=\"lazy\" decoding=\"async\" width=\"900\" height=\"400\" src=\"http:\/\/www.feuerwehr-daun.de\/wp\/wp-content\/uploads\/2017\/03\/Schulung-2017-4-b.jpg\" alt=\"\" class=\"wp-image-1846\" srcset=\"https:\/\/www.feuerwehr-daun.de\/wp\/wp-content\/uploads\/2017\/03\/Schulung-2017-4-b.jpg 900w, https:\/\/www.feuerwehr-daun.de\/wp\/wp-content\/uploads\/2017\/03\/Schulung-2017-4-b-300x133.jpg 300w, https:\/\/www.feuerwehr-daun.de\/wp\/wp-content\/uploads\/2017\/03\/Schulung-2017-4-b-768x341.jpg 768w\" sizes=\"auto, (max-width: 900px) 100vw, 900px\" \/><\/figure>\n<\/div>\n\n\n<figure class=\"wp-block-table\"><table><tbody><tr><td>&nbsp;zur\u00fcck zum <a href=\"http:\/\/www.feuerwehr-daun.de\/wp\/fahrzeuge\/kdow\/\">KdoW<\/a><\/td><td class=\"has-text-align-center\" data-align=\"center\"> <a href=\"https:\/\/www.feuerwehr-daun.de\/wp\/fahrzeuge\/\">zur\u00fcck zu Fahrzeuge<\/a> <\/td><td class=\"has-text-align-right\" data-align=\"right\">weiter zum <a href=\"http:\/\/www.feuerwehr-daun.de\/wp\/fahrzeuge\/tgm-23-12\/\">TGM 23\/12<\/a><\/td><\/tr><\/tbody><\/table><\/figure>\n","protected":false},"excerpt":{"rendered":"<p>&nbsp;zur\u00fcck zum KdoW zur\u00fcck zu Fahrzeuge weiter zum TGM 23\/12 Das Hilfeleistungsl\u00f6schgruppenfahrzeug (HLF 20\/16) ist das Erstangriffsfahrzeug der Feuerwehr Daun und Teil des L\u00f6schzuges. Im F\u00fchrerhaus ist Platz f\u00fcr eine Gruppe, also neun Frauen und M\u00e4nner. Auf zwei Sitzpl\u00e4tzen sind Atemschutzger\u00e4te verlastet, damit der Angriffstrupp sich auch schon w\u00e4hrend der Anfahrt zum Einsatzort ausr\u00fcsten kann. Das Fahrzeug ist sowohl f\u00fcr [&#8230;]<\/p>\n","protected":false},"author":8,"featured_media":11119,"parent":13,"menu_order":0,"comment_status":"closed","ping_status":"closed","template":"","meta":{"_s2mail":"yes","footnotes":""},"class_list":["post-2798","page","type-page","status-publish","has-post-thumbnail","hentry"],"yoast_head":"<!-- This site is optimized with the Yoast SEO plugin v27.4 - https:\/\/yoast.com\/product\/yoast-seo-wordpress\/ -->\n<title>HLF 20\/16 - Freiwillige Feuerwehr Daun<\/title>\n<meta name=\"robots\" content=\"index, follow, max-snippet:-1, max-image-preview:large, max-video-preview:-1\" \/>\n<link rel=\"canonical\" href=\"https:\/\/www.feuerwehr-daun.de\/wp\/fahrzeuge\/hlf-20-16\/\" \/>\n<meta property=\"og:locale\" content=\"de_DE\" \/>\n<meta property=\"og:type\" content=\"article\" \/>\n<meta property=\"og:title\" content=\"HLF 20\/16 - Freiwillige Feuerwehr Daun\" \/>\n<meta property=\"og:description\" content=\"&nbsp;zur\u00fcck zum KdoW zur\u00fcck zu Fahrzeuge weiter zum TGM 23\/12 Das Hilfeleistungsl\u00f6schgruppenfahrzeug (HLF 20\/16) ist das Erstangriffsfahrzeug der Feuerwehr Daun und Teil des L\u00f6schzuges. Im F\u00fchrerhaus ist Platz f\u00fcr eine Gruppe, also neun Frauen und M\u00e4nner. Auf zwei Sitzpl\u00e4tzen sind Atemschutzger\u00e4te verlastet, damit der Angriffstrupp sich auch schon w\u00e4hrend der Anfahrt zum Einsatzort ausr\u00fcsten kann. Das Fahrzeug ist sowohl f\u00fcr [...]\" \/>\n<meta property=\"og:url\" content=\"https:\/\/www.feuerwehr-daun.de\/wp\/fahrzeuge\/hlf-20-16\/\" \/>\n<meta property=\"og:site_name\" content=\"Freiwillige Feuerwehr Daun\" \/>\n<meta property=\"article:publisher\" content=\"http:\/\/www.facebook.com\/feuerwehr.daun\/\" \/>\n<meta property=\"article:modified_time\" content=\"2024-05-22T17:42:06+00:00\" \/>\n<meta property=\"og:image\" content=\"http:\/\/www.feuerwehr-daun.de\/wp\/wp-content\/uploads\/2024\/05\/HLF-lang.jpg\" \/>\n\t<meta property=\"og:image:width\" content=\"1340\" \/>\n\t<meta property=\"og:image:height\" content=\"300\" \/>\n\t<meta property=\"og:image:type\" content=\"image\/jpeg\" \/>\n<meta name=\"twitter:card\" content=\"summary_large_image\" \/>\n<meta name=\"twitter:site\" content=\"@Feuerwehr_Daun\" \/>\n<meta name=\"twitter:label1\" content=\"Gesch\u00e4tzte Lesezeit\" \/>\n\t<meta name=\"twitter:data1\" content=\"3\u00a0Minuten\" \/>\n<script type=\"application\/ld+json\" class=\"yoast-schema-graph\">{\"@context\":\"https:\\\/\\\/schema.org\",\"@graph\":[{\"@type\":\"WebPage\",\"@id\":\"https:\\\/\\\/www.feuerwehr-daun.de\\\/wp\\\/fahrzeuge\\\/hlf-20-16\\\/\",\"url\":\"https:\\\/\\\/www.feuerwehr-daun.de\\\/wp\\\/fahrzeuge\\\/hlf-20-16\\\/\",\"name\":\"HLF 20\\\/16 - Freiwillige Feuerwehr Daun\",\"isPartOf\":{\"@id\":\"https:\\\/\\\/www.feuerwehr-daun.de\\\/wp\\\/#website\"},\"primaryImageOfPage\":{\"@id\":\"https:\\\/\\\/www.feuerwehr-daun.de\\\/wp\\\/fahrzeuge\\\/hlf-20-16\\\/#primaryimage\"},\"image\":{\"@id\":\"https:\\\/\\\/www.feuerwehr-daun.de\\\/wp\\\/fahrzeuge\\\/hlf-20-16\\\/#primaryimage\"},\"thumbnailUrl\":\"https:\\\/\\\/www.feuerwehr-daun.de\\\/wp\\\/wp-content\\\/uploads\\\/2024\\\/05\\\/HLF-lang.jpg\",\"datePublished\":\"2018-03-09T20:34:06+00:00\",\"dateModified\":\"2024-05-22T17:42:06+00:00\",\"breadcrumb\":{\"@id\":\"https:\\\/\\\/www.feuerwehr-daun.de\\\/wp\\\/fahrzeuge\\\/hlf-20-16\\\/#breadcrumb\"},\"inLanguage\":\"de\",\"potentialAction\":[{\"@type\":\"ReadAction\",\"target\":[\"https:\\\/\\\/www.feuerwehr-daun.de\\\/wp\\\/fahrzeuge\\\/hlf-20-16\\\/\"]}]},{\"@type\":\"ImageObject\",\"inLanguage\":\"de\",\"@id\":\"https:\\\/\\\/www.feuerwehr-daun.de\\\/wp\\\/fahrzeuge\\\/hlf-20-16\\\/#primaryimage\",\"url\":\"https:\\\/\\\/www.feuerwehr-daun.de\\\/wp\\\/wp-content\\\/uploads\\\/2024\\\/05\\\/HLF-lang.jpg\",\"contentUrl\":\"https:\\\/\\\/www.feuerwehr-daun.de\\\/wp\\\/wp-content\\\/uploads\\\/2024\\\/05\\\/HLF-lang.jpg\",\"width\":1340,\"height\":300},{\"@type\":\"BreadcrumbList\",\"@id\":\"https:\\\/\\\/www.feuerwehr-daun.de\\\/wp\\\/fahrzeuge\\\/hlf-20-16\\\/#breadcrumb\",\"itemListElement\":[{\"@type\":\"ListItem\",\"position\":1,\"name\":\"Startseite\",\"item\":\"https:\\\/\\\/www.feuerwehr-daun.de\\\/wp\\\/\"},{\"@type\":\"ListItem\",\"position\":2,\"name\":\"Fahrzeuge\",\"item\":\"https:\\\/\\\/www.feuerwehr-daun.de\\\/wp\\\/fahrzeuge\\\/\"},{\"@type\":\"ListItem\",\"position\":3,\"name\":\"HLF 20\\\/16\"}]},{\"@type\":\"WebSite\",\"@id\":\"https:\\\/\\\/www.feuerwehr-daun.de\\\/wp\\\/#website\",\"url\":\"https:\\\/\\\/www.feuerwehr-daun.de\\\/wp\\\/\",\"name\":\"Freiwillige Feuerwehr Daun\",\"description\":\"\",\"potentialAction\":[{\"@type\":\"SearchAction\",\"target\":{\"@type\":\"EntryPoint\",\"urlTemplate\":\"https:\\\/\\\/www.feuerwehr-daun.de\\\/wp\\\/?s={search_term_string}\"},\"query-input\":{\"@type\":\"PropertyValueSpecification\",\"valueRequired\":true,\"valueName\":\"search_term_string\"}}],\"inLanguage\":\"de\"}]}<\/script>\n<!-- \/ Yoast SEO plugin. -->","yoast_head_json":{"title":"HLF 20\/16 - Freiwillige Feuerwehr Daun","robots":{"index":"index","follow":"follow","max-snippet":"max-snippet:-1","max-image-preview":"max-image-preview:large","max-video-preview":"max-video-preview:-1"},"canonical":"https:\/\/www.feuerwehr-daun.de\/wp\/fahrzeuge\/hlf-20-16\/","og_locale":"de_DE","og_type":"article","og_title":"HLF 20\/16 - Freiwillige Feuerwehr Daun","og_description":"&nbsp;zur\u00fcck zum KdoW zur\u00fcck zu Fahrzeuge weiter zum TGM 23\/12 Das Hilfeleistungsl\u00f6schgruppenfahrzeug (HLF 20\/16) ist das Erstangriffsfahrzeug der Feuerwehr Daun und Teil des L\u00f6schzuges. Im F\u00fchrerhaus ist Platz f\u00fcr eine Gruppe, also neun Frauen und M\u00e4nner. Auf zwei Sitzpl\u00e4tzen sind Atemschutzger\u00e4te verlastet, damit der Angriffstrupp sich auch schon w\u00e4hrend der Anfahrt zum Einsatzort ausr\u00fcsten kann. Das Fahrzeug ist sowohl f\u00fcr [...]","og_url":"https:\/\/www.feuerwehr-daun.de\/wp\/fahrzeuge\/hlf-20-16\/","og_site_name":"Freiwillige Feuerwehr Daun","article_publisher":"http:\/\/www.facebook.com\/feuerwehr.daun\/","article_modified_time":"2024-05-22T17:42:06+00:00","og_image":[{"width":1340,"height":300,"url":"http:\/\/www.feuerwehr-daun.de\/wp\/wp-content\/uploads\/2024\/05\/HLF-lang.jpg","type":"image\/jpeg"}],"twitter_card":"summary_large_image","twitter_site":"@Feuerwehr_Daun","twitter_misc":{"Gesch\u00e4tzte Lesezeit":"3\u00a0Minuten"},"schema":{"@context":"https:\/\/schema.org","@graph":[{"@type":"WebPage","@id":"https:\/\/www.feuerwehr-daun.de\/wp\/fahrzeuge\/hlf-20-16\/","url":"https:\/\/www.feuerwehr-daun.de\/wp\/fahrzeuge\/hlf-20-16\/","name":"HLF 20\/16 - Freiwillige Feuerwehr Daun","isPartOf":{"@id":"https:\/\/www.feuerwehr-daun.de\/wp\/#website"},"primaryImageOfPage":{"@id":"https:\/\/www.feuerwehr-daun.de\/wp\/fahrzeuge\/hlf-20-16\/#primaryimage"},"image":{"@id":"https:\/\/www.feuerwehr-daun.de\/wp\/fahrzeuge\/hlf-20-16\/#primaryimage"},"thumbnailUrl":"https:\/\/www.feuerwehr-daun.de\/wp\/wp-content\/uploads\/2024\/05\/HLF-lang.jpg","datePublished":"2018-03-09T20:34:06+00:00","dateModified":"2024-05-22T17:42:06+00:00","breadcrumb":{"@id":"https:\/\/www.feuerwehr-daun.de\/wp\/fahrzeuge\/hlf-20-16\/#breadcrumb"},"inLanguage":"de","potentialAction":[{"@type":"ReadAction","target":["https:\/\/www.feuerwehr-daun.de\/wp\/fahrzeuge\/hlf-20-16\/"]}]},{"@type":"ImageObject","inLanguage":"de","@id":"https:\/\/www.feuerwehr-daun.de\/wp\/fahrzeuge\/hlf-20-16\/#primaryimage","url":"https:\/\/www.feuerwehr-daun.de\/wp\/wp-content\/uploads\/2024\/05\/HLF-lang.jpg","contentUrl":"https:\/\/www.feuerwehr-daun.de\/wp\/wp-content\/uploads\/2024\/05\/HLF-lang.jpg","width":1340,"height":300},{"@type":"BreadcrumbList","@id":"https:\/\/www.feuerwehr-daun.de\/wp\/fahrzeuge\/hlf-20-16\/#breadcrumb","itemListElement":[{"@type":"ListItem","position":1,"name":"Startseite","item":"https:\/\/www.feuerwehr-daun.de\/wp\/"},{"@type":"ListItem","position":2,"name":"Fahrzeuge","item":"https:\/\/www.feuerwehr-daun.de\/wp\/fahrzeuge\/"},{"@type":"ListItem","position":3,"name":"HLF 20\/16"}]},{"@type":"WebSite","@id":"https:\/\/www.feuerwehr-daun.de\/wp\/#website","url":"https:\/\/www.feuerwehr-daun.de\/wp\/","name":"Freiwillige Feuerwehr Daun","description":"","potentialAction":[{"@type":"SearchAction","target":{"@type":"EntryPoint","urlTemplate":"https:\/\/www.feuerwehr-daun.de\/wp\/?s={search_term_string}"},"query-input":{"@type":"PropertyValueSpecification","valueRequired":true,"valueName":"search_term_string"}}],"inLanguage":"de"}]}},"_links":{"self":[{"href":"https:\/\/www.feuerwehr-daun.de\/wp\/wp-json\/wp\/v2\/pages\/2798","targetHints":{"allow":["GET"]}}],"collection":[{"href":"https:\/\/www.feuerwehr-daun.de\/wp\/wp-json\/wp\/v2\/pages"}],"about":[{"href":"https:\/\/www.feuerwehr-daun.de\/wp\/wp-json\/wp\/v2\/types\/page"}],"author":[{"embeddable":true,"href":"https:\/\/www.feuerwehr-daun.de\/wp\/wp-json\/wp\/v2\/users\/8"}],"replies":[{"embeddable":true,"href":"https:\/\/www.feuerwehr-daun.de\/wp\/wp-json\/wp\/v2\/comments?post=2798"}],"version-history":[{"count":2,"href":"https:\/\/www.feuerwehr-daun.de\/wp\/wp-json\/wp\/v2\/pages\/2798\/revisions"}],"predecessor-version":[{"id":10299,"href":"https:\/\/www.feuerwehr-daun.de\/wp\/wp-json\/wp\/v2\/pages\/2798\/revisions\/10299"}],"up":[{"embeddable":true,"href":"https:\/\/www.feuerwehr-daun.de\/wp\/wp-json\/wp\/v2\/pages\/13"}],"wp:featuredmedia":[{"embeddable":true,"href":"https:\/\/www.feuerwehr-daun.de\/wp\/wp-json\/wp\/v2\/media\/11119"}],"wp:attachment":[{"href":"https:\/\/www.feuerwehr-daun.de\/wp\/wp-json\/wp\/v2\/media?parent=2798"}],"curies":[{"name":"wp","href":"https:\/\/api.w.org\/{rel}","templated":true}]}}