{"id":2897,"date":"2018-03-10T21:11:06","date_gmt":"2018-03-10T21:11:06","guid":{"rendered":"http:\/\/www.feuerwehr-daun.de\/wp\/?page_id=2897"},"modified":"2024-07-19T10:17:22","modified_gmt":"2024-07-19T08:17:22","slug":"vrw","status":"publish","type":"page","link":"https:\/\/www.feuerwehr-daun.de\/wp\/fahrzeuge\/vrw\/","title":{"rendered":"VRW"},"content":{"rendered":"\n<figure class=\"wp-block-table\"><table class=\"has-fixed-layout\"><tbody><tr><td><img loading=\"lazy\" decoding=\"async\" class=\"alignnone size-full wp-image-2655\" src=\"http:\/\/www.feuerwehr-daun.de\/wp\/wp-content\/uploads\/2018\/01\/VRW-zu.jpg\" alt=\"\" width=\"400\" height=\"266\" srcset=\"https:\/\/www.feuerwehr-daun.de\/wp\/wp-content\/uploads\/2018\/01\/VRW-zu.jpg 400w, https:\/\/www.feuerwehr-daun.de\/wp\/wp-content\/uploads\/2018\/01\/VRW-zu-300x200.jpg 300w\" sizes=\"auto, (max-width: 400px) 100vw, 400px\" \/><\/td><td><img loading=\"lazy\" decoding=\"async\" class=\"alignnone size-full wp-image-2898\" src=\"http:\/\/www.feuerwehr-daun.de\/wp\/wp-content\/uploads\/2018\/03\/VRW-hinten.jpg\" alt=\"\" width=\"400\" height=\"266\" srcset=\"https:\/\/www.feuerwehr-daun.de\/wp\/wp-content\/uploads\/2018\/03\/VRW-hinten.jpg 400w, https:\/\/www.feuerwehr-daun.de\/wp\/wp-content\/uploads\/2018\/03\/VRW-hinten-300x200.jpg 300w\" sizes=\"auto, (max-width: 400px) 100vw, 400px\" \/><\/td><\/tr><\/tbody><\/table><\/figure>\n\n\n\n<figure class=\"wp-block-table\"><table class=\"has-fixed-layout\"><tbody><tr><td>zur\u00fcck zum <a href=\"https:\/\/www.feuerwehr-daun.de\/wp\/fahrzeuge\/tlf-3000-rp\/\">TLF 3000-RP<\/a><\/td><td><a href=\"https:\/\/www.feuerwehr-daun.de\/wp\/fahrzeuge\/\">zur\u00fcck zu Fahrzeugen<\/a><\/td><td>&nbsp;&nbsp;weiter zum <a href=\"http:\/\/www.feuerwehr-daun.de\/wp\/fahrzeuge\/mtf\/\">MTF<\/a><\/td><\/tr><\/tbody><\/table><\/figure>\n\n\n\n<p>Der Vorrausr\u00fcstwagen (VRW) der Feuerwehr Daun ist das Erstangriffsfahrzeug bei einem gemeldeten Verkehrsunfall, da er schnell Vorort sein kann. Er ist mit Schere, Spreizer und weiteren Ger\u00e4ten wie Unterbaumaterial ausgestattet, welche bei der technischen Unfallhilfe ben\u00f6tigt werden. Er besitzt eine Dynawattanlage, welche das Fahrzeug im Einsatzfall mit Strom versorgt, um z.B. den hydraulischen Rettungssatz (Schere, Spreizer, Hubzylinder) zu betreiben. Sie besitzt eine Leistung von 5 kVA und wird \u00fcber den Fahrzeugmotor angetrieben.<\/p>\n\n\n\n<p>Der Lichtmast wird \u00fcber die Fahrzeugelektrik betrieben.<\/p>\n\n\n\n<h3 class=\"wp-block-heading\">Beladung<\/h3>\n\n\n<div class=\"wp-block-image\">\n<figure class=\"aligncenter\"><img loading=\"lazy\" decoding=\"async\" width=\"900\" height=\"400\" src=\"http:\/\/www.feuerwehr-daun.de\/wp\/wp-content\/uploads\/2018\/03\/VRW-hinten-offen.jpg\" alt=\"\" class=\"wp-image-2919\" srcset=\"https:\/\/www.feuerwehr-daun.de\/wp\/wp-content\/uploads\/2018\/03\/VRW-hinten-offen.jpg 900w, https:\/\/www.feuerwehr-daun.de\/wp\/wp-content\/uploads\/2018\/03\/VRW-hinten-offen-300x133.jpg 300w, https:\/\/www.feuerwehr-daun.de\/wp\/wp-content\/uploads\/2018\/03\/VRW-hinten-offen-768x341.jpg 768w\" sizes=\"auto, (max-width: 900px) 100vw, 900px\" \/><\/figure>\n<\/div>\n\n\n<p><\/p>\n\n\n\n<h3 class=\"wp-block-heading\">Technische Daten<\/h3>\n\n\n\n<p>Fahrzeugart: Vorrausr\u00fcstwagen<\/p>\n\n\n\n<p>Funkrufname: Florian Daun 5\/50-1<\/p>\n\n\n\n<p>Hersteller\/Fahrgestell: Ford Transit 140t350 4&#215;4<\/p>\n\n\n\n<p>Motorleistung: 140 PS<\/p>\n\n\n\n<p>Hubraum: 2402 ccm<\/p>\n\n\n\n<p>Zul\u00e4ssiges Gesamtgewicht: 3.500 Kg<\/p>\n\n\n\n<p>Fahrzeugaufbau: P\u00fctting<\/p>\n\n\n\n<p>Max. Zuladung: 3,5 t<\/p>\n\n\n\n<p>Baujahr: 2009<\/p>\n\n\n\n<p>Indienststellung: 2010<\/p>\n\n\n\n<p>Besatzung: 1\/3 (4)<\/p>\n\n\n\n<p>Aufgabenbereich: Technische Unfallhilfe<\/p>\n\n\n\n<p>Lichtmast: Ja (pneumatisch)<\/p>\n\n\n\n<h3 class=\"wp-block-heading\">Das Fahrzeug im Einsatz<\/h3>\n\n\n\n<figure class=\"wp-block-image\"><img loading=\"lazy\" decoding=\"async\" width=\"900\" height=\"400\" src=\"http:\/\/www.feuerwehr-daun.de\/wp\/wp-content\/uploads\/2018\/03\/VRW-a.jpg\" alt=\"\" class=\"wp-image-2902\" srcset=\"https:\/\/www.feuerwehr-daun.de\/wp\/wp-content\/uploads\/2018\/03\/VRW-a.jpg 900w, https:\/\/www.feuerwehr-daun.de\/wp\/wp-content\/uploads\/2018\/03\/VRW-a-300x133.jpg 300w, https:\/\/www.feuerwehr-daun.de\/wp\/wp-content\/uploads\/2018\/03\/VRW-a-768x341.jpg 768w\" sizes=\"auto, (max-width: 900px) 100vw, 900px\" \/><\/figure>\n\n\n\n<p><\/p>\n\n\n<div class=\"wp-block-image\">\n<figure class=\"aligncenter\"><img loading=\"lazy\" decoding=\"async\" width=\"680\" height=\"300\" src=\"http:\/\/www.feuerwehr-daun.de\/wp\/wp-content\/uploads\/2016\/06\/Unwetter-2016-06-07-j.jpg\" alt=\"\" class=\"wp-image-1376\" srcset=\"https:\/\/www.feuerwehr-daun.de\/wp\/wp-content\/uploads\/2016\/06\/Unwetter-2016-06-07-j.jpg 680w, https:\/\/www.feuerwehr-daun.de\/wp\/wp-content\/uploads\/2016\/06\/Unwetter-2016-06-07-j-300x132.jpg 300w\" sizes=\"auto, (max-width: 680px) 100vw, 680px\" \/><\/figure>\n<\/div>\n\n\n<p><\/p>\n\n\n\n<figure class=\"wp-block-table\"><table class=\"has-fixed-layout\"><tbody><tr><td>zur\u00fcck zum <a href=\"https:\/\/www.feuerwehr-daun.de\/wp\/fahrzeuge\/tlf-3000-rp\/\">TLF 3000-RP<\/a><\/td><td><a href=\"https:\/\/www.feuerwehr-daun.de\/wp\/fahrzeuge\/\">zur\u00fcck zu Fahrzeugen<\/a><\/td><td>&nbsp;&nbsp;weiter zum <a href=\"http:\/\/www.feuerwehr-daun.de\/wp\/fahrzeuge\/mtf\/\">MTF<\/a><\/td><\/tr><\/tbody><\/table><\/figure>\n","protected":false},"excerpt":{"rendered":"<p>zur\u00fcck zum TLF 3000-RP zur\u00fcck zu Fahrzeugen &nbsp;&nbsp;weiter zum MTF Der Vorrausr\u00fcstwagen (VRW) der Feuerwehr Daun ist das Erstangriffsfahrzeug bei einem gemeldeten Verkehrsunfall, da er schnell Vorort sein kann. Er ist mit Schere, Spreizer und weiteren Ger\u00e4ten wie Unterbaumaterial ausgestattet, welche bei der technischen Unfallhilfe ben\u00f6tigt werden. Er besitzt eine Dynawattanlage, welche das Fahrzeug im Einsatzfall mit Strom versorgt, um [&#8230;]<\/p>\n","protected":false},"author":8,"featured_media":2797,"parent":13,"menu_order":0,"comment_status":"closed","ping_status":"closed","template":"","meta":{"_s2mail":"yes","footnotes":""},"class_list":["post-2897","page","type-page","status-publish","has-post-thumbnail","hentry"],"yoast_head":"<!-- This site is optimized with the Yoast SEO plugin v27.4 - https:\/\/yoast.com\/product\/yoast-seo-wordpress\/ -->\n<title>VRW - Freiwillige Feuerwehr Daun<\/title>\n<meta name=\"robots\" content=\"index, follow, max-snippet:-1, max-image-preview:large, max-video-preview:-1\" \/>\n<link rel=\"canonical\" href=\"https:\/\/www.feuerwehr-daun.de\/wp\/fahrzeuge\/vrw\/\" \/>\n<meta property=\"og:locale\" content=\"de_DE\" \/>\n<meta property=\"og:type\" content=\"article\" \/>\n<meta property=\"og:title\" content=\"VRW - Freiwillige Feuerwehr Daun\" \/>\n<meta property=\"og:description\" content=\"zur\u00fcck zum TLF 3000-RP zur\u00fcck zu Fahrzeugen &nbsp;&nbsp;weiter zum MTF Der Vorrausr\u00fcstwagen (VRW) der Feuerwehr Daun ist das Erstangriffsfahrzeug bei einem gemeldeten Verkehrsunfall, da er schnell Vorort sein kann. Er ist mit Schere, Spreizer und weiteren Ger\u00e4ten wie Unterbaumaterial ausgestattet, welche bei der technischen Unfallhilfe ben\u00f6tigt werden. Er besitzt eine Dynawattanlage, welche das Fahrzeug im Einsatzfall mit Strom versorgt, um [...]\" \/>\n<meta property=\"og:url\" content=\"https:\/\/www.feuerwehr-daun.de\/wp\/fahrzeuge\/vrw\/\" \/>\n<meta property=\"og:site_name\" content=\"Freiwillige Feuerwehr Daun\" \/>\n<meta property=\"article:publisher\" content=\"http:\/\/www.facebook.com\/feuerwehr.daun\/\" \/>\n<meta property=\"article:modified_time\" content=\"2024-07-19T08:17:22+00:00\" \/>\n<meta property=\"og:image\" content=\"http:\/\/www.feuerwehr-daun.de\/wp\/wp-content\/uploads\/2018\/03\/Fahrzeuge-2017-b.jpg\" \/>\n\t<meta property=\"og:image:width\" content=\"1340\" \/>\n\t<meta property=\"og:image:height\" content=\"300\" \/>\n\t<meta property=\"og:image:type\" content=\"image\/jpeg\" \/>\n<meta name=\"twitter:card\" content=\"summary_large_image\" \/>\n<meta name=\"twitter:site\" content=\"@Feuerwehr_Daun\" \/>\n<meta name=\"twitter:label1\" content=\"Gesch\u00e4tzte Lesezeit\" \/>\n\t<meta name=\"twitter:data1\" content=\"3\u00a0Minuten\" \/>\n<script type=\"application\/ld+json\" class=\"yoast-schema-graph\">{\"@context\":\"https:\\\/\\\/schema.org\",\"@graph\":[{\"@type\":\"WebPage\",\"@id\":\"https:\\\/\\\/www.feuerwehr-daun.de\\\/wp\\\/fahrzeuge\\\/vrw\\\/\",\"url\":\"https:\\\/\\\/www.feuerwehr-daun.de\\\/wp\\\/fahrzeuge\\\/vrw\\\/\",\"name\":\"VRW - Freiwillige Feuerwehr Daun\",\"isPartOf\":{\"@id\":\"https:\\\/\\\/www.feuerwehr-daun.de\\\/wp\\\/#website\"},\"primaryImageOfPage\":{\"@id\":\"https:\\\/\\\/www.feuerwehr-daun.de\\\/wp\\\/fahrzeuge\\\/vrw\\\/#primaryimage\"},\"image\":{\"@id\":\"https:\\\/\\\/www.feuerwehr-daun.de\\\/wp\\\/fahrzeuge\\\/vrw\\\/#primaryimage\"},\"thumbnailUrl\":\"https:\\\/\\\/www.feuerwehr-daun.de\\\/wp\\\/wp-content\\\/uploads\\\/2018\\\/03\\\/Fahrzeuge-2017-b.jpg\",\"datePublished\":\"2018-03-10T21:11:06+00:00\",\"dateModified\":\"2024-07-19T08:17:22+00:00\",\"breadcrumb\":{\"@id\":\"https:\\\/\\\/www.feuerwehr-daun.de\\\/wp\\\/fahrzeuge\\\/vrw\\\/#breadcrumb\"},\"inLanguage\":\"de\",\"potentialAction\":[{\"@type\":\"ReadAction\",\"target\":[\"https:\\\/\\\/www.feuerwehr-daun.de\\\/wp\\\/fahrzeuge\\\/vrw\\\/\"]}]},{\"@type\":\"ImageObject\",\"inLanguage\":\"de\",\"@id\":\"https:\\\/\\\/www.feuerwehr-daun.de\\\/wp\\\/fahrzeuge\\\/vrw\\\/#primaryimage\",\"url\":\"https:\\\/\\\/www.feuerwehr-daun.de\\\/wp\\\/wp-content\\\/uploads\\\/2018\\\/03\\\/Fahrzeuge-2017-b.jpg\",\"contentUrl\":\"https:\\\/\\\/www.feuerwehr-daun.de\\\/wp\\\/wp-content\\\/uploads\\\/2018\\\/03\\\/Fahrzeuge-2017-b.jpg\",\"width\":1340,\"height\":300},{\"@type\":\"BreadcrumbList\",\"@id\":\"https:\\\/\\\/www.feuerwehr-daun.de\\\/wp\\\/fahrzeuge\\\/vrw\\\/#breadcrumb\",\"itemListElement\":[{\"@type\":\"ListItem\",\"position\":1,\"name\":\"Startseite\",\"item\":\"https:\\\/\\\/www.feuerwehr-daun.de\\\/wp\\\/\"},{\"@type\":\"ListItem\",\"position\":2,\"name\":\"Fahrzeuge\",\"item\":\"https:\\\/\\\/www.feuerwehr-daun.de\\\/wp\\\/fahrzeuge\\\/\"},{\"@type\":\"ListItem\",\"position\":3,\"name\":\"VRW\"}]},{\"@type\":\"WebSite\",\"@id\":\"https:\\\/\\\/www.feuerwehr-daun.de\\\/wp\\\/#website\",\"url\":\"https:\\\/\\\/www.feuerwehr-daun.de\\\/wp\\\/\",\"name\":\"Freiwillige Feuerwehr Daun\",\"description\":\"\",\"potentialAction\":[{\"@type\":\"SearchAction\",\"target\":{\"@type\":\"EntryPoint\",\"urlTemplate\":\"https:\\\/\\\/www.feuerwehr-daun.de\\\/wp\\\/?s={search_term_string}\"},\"query-input\":{\"@type\":\"PropertyValueSpecification\",\"valueRequired\":true,\"valueName\":\"search_term_string\"}}],\"inLanguage\":\"de\"}]}<\/script>\n<!-- \/ Yoast SEO plugin. -->","yoast_head_json":{"title":"VRW - Freiwillige Feuerwehr Daun","robots":{"index":"index","follow":"follow","max-snippet":"max-snippet:-1","max-image-preview":"max-image-preview:large","max-video-preview":"max-video-preview:-1"},"canonical":"https:\/\/www.feuerwehr-daun.de\/wp\/fahrzeuge\/vrw\/","og_locale":"de_DE","og_type":"article","og_title":"VRW - Freiwillige Feuerwehr Daun","og_description":"zur\u00fcck zum TLF 3000-RP zur\u00fcck zu Fahrzeugen &nbsp;&nbsp;weiter zum MTF Der Vorrausr\u00fcstwagen (VRW) der Feuerwehr Daun ist das Erstangriffsfahrzeug bei einem gemeldeten Verkehrsunfall, da er schnell Vorort sein kann. Er ist mit Schere, Spreizer und weiteren Ger\u00e4ten wie Unterbaumaterial ausgestattet, welche bei der technischen Unfallhilfe ben\u00f6tigt werden. Er besitzt eine Dynawattanlage, welche das Fahrzeug im Einsatzfall mit Strom versorgt, um [...]","og_url":"https:\/\/www.feuerwehr-daun.de\/wp\/fahrzeuge\/vrw\/","og_site_name":"Freiwillige Feuerwehr Daun","article_publisher":"http:\/\/www.facebook.com\/feuerwehr.daun\/","article_modified_time":"2024-07-19T08:17:22+00:00","og_image":[{"width":1340,"height":300,"url":"http:\/\/www.feuerwehr-daun.de\/wp\/wp-content\/uploads\/2018\/03\/Fahrzeuge-2017-b.jpg","type":"image\/jpeg"}],"twitter_card":"summary_large_image","twitter_site":"@Feuerwehr_Daun","twitter_misc":{"Gesch\u00e4tzte Lesezeit":"3\u00a0Minuten"},"schema":{"@context":"https:\/\/schema.org","@graph":[{"@type":"WebPage","@id":"https:\/\/www.feuerwehr-daun.de\/wp\/fahrzeuge\/vrw\/","url":"https:\/\/www.feuerwehr-daun.de\/wp\/fahrzeuge\/vrw\/","name":"VRW - Freiwillige Feuerwehr Daun","isPartOf":{"@id":"https:\/\/www.feuerwehr-daun.de\/wp\/#website"},"primaryImageOfPage":{"@id":"https:\/\/www.feuerwehr-daun.de\/wp\/fahrzeuge\/vrw\/#primaryimage"},"image":{"@id":"https:\/\/www.feuerwehr-daun.de\/wp\/fahrzeuge\/vrw\/#primaryimage"},"thumbnailUrl":"https:\/\/www.feuerwehr-daun.de\/wp\/wp-content\/uploads\/2018\/03\/Fahrzeuge-2017-b.jpg","datePublished":"2018-03-10T21:11:06+00:00","dateModified":"2024-07-19T08:17:22+00:00","breadcrumb":{"@id":"https:\/\/www.feuerwehr-daun.de\/wp\/fahrzeuge\/vrw\/#breadcrumb"},"inLanguage":"de","potentialAction":[{"@type":"ReadAction","target":["https:\/\/www.feuerwehr-daun.de\/wp\/fahrzeuge\/vrw\/"]}]},{"@type":"ImageObject","inLanguage":"de","@id":"https:\/\/www.feuerwehr-daun.de\/wp\/fahrzeuge\/vrw\/#primaryimage","url":"https:\/\/www.feuerwehr-daun.de\/wp\/wp-content\/uploads\/2018\/03\/Fahrzeuge-2017-b.jpg","contentUrl":"https:\/\/www.feuerwehr-daun.de\/wp\/wp-content\/uploads\/2018\/03\/Fahrzeuge-2017-b.jpg","width":1340,"height":300},{"@type":"BreadcrumbList","@id":"https:\/\/www.feuerwehr-daun.de\/wp\/fahrzeuge\/vrw\/#breadcrumb","itemListElement":[{"@type":"ListItem","position":1,"name":"Startseite","item":"https:\/\/www.feuerwehr-daun.de\/wp\/"},{"@type":"ListItem","position":2,"name":"Fahrzeuge","item":"https:\/\/www.feuerwehr-daun.de\/wp\/fahrzeuge\/"},{"@type":"ListItem","position":3,"name":"VRW"}]},{"@type":"WebSite","@id":"https:\/\/www.feuerwehr-daun.de\/wp\/#website","url":"https:\/\/www.feuerwehr-daun.de\/wp\/","name":"Freiwillige Feuerwehr Daun","description":"","potentialAction":[{"@type":"SearchAction","target":{"@type":"EntryPoint","urlTemplate":"https:\/\/www.feuerwehr-daun.de\/wp\/?s={search_term_string}"},"query-input":{"@type":"PropertyValueSpecification","valueRequired":true,"valueName":"search_term_string"}}],"inLanguage":"de"}]}},"_links":{"self":[{"href":"https:\/\/www.feuerwehr-daun.de\/wp\/wp-json\/wp\/v2\/pages\/2897","targetHints":{"allow":["GET"]}}],"collection":[{"href":"https:\/\/www.feuerwehr-daun.de\/wp\/wp-json\/wp\/v2\/pages"}],"about":[{"href":"https:\/\/www.feuerwehr-daun.de\/wp\/wp-json\/wp\/v2\/types\/page"}],"author":[{"embeddable":true,"href":"https:\/\/www.feuerwehr-daun.de\/wp\/wp-json\/wp\/v2\/users\/8"}],"replies":[{"embeddable":true,"href":"https:\/\/www.feuerwehr-daun.de\/wp\/wp-json\/wp\/v2\/comments?post=2897"}],"version-history":[{"count":2,"href":"https:\/\/www.feuerwehr-daun.de\/wp\/wp-json\/wp\/v2\/pages\/2897\/revisions"}],"predecessor-version":[{"id":11334,"href":"https:\/\/www.feuerwehr-daun.de\/wp\/wp-json\/wp\/v2\/pages\/2897\/revisions\/11334"}],"up":[{"embeddable":true,"href":"https:\/\/www.feuerwehr-daun.de\/wp\/wp-json\/wp\/v2\/pages\/13"}],"wp:featuredmedia":[{"embeddable":true,"href":"https:\/\/www.feuerwehr-daun.de\/wp\/wp-json\/wp\/v2\/media\/2797"}],"wp:attachment":[{"href":"https:\/\/www.feuerwehr-daun.de\/wp\/wp-json\/wp\/v2\/media?parent=2897"}],"curies":[{"name":"wp","href":"https:\/\/api.w.org\/{rel}","templated":true}]}}