{"id":296,"date":"2011-08-31T10:41:24","date_gmt":"2011-08-31T10:41:24","guid":{"rendered":"http:\/\/www.feuerwehr-daun.de\/wp\/?page_id=296"},"modified":"2019-02-23T12:19:01","modified_gmt":"2019-02-23T12:19:01","slug":"bau-des-feuerwehrhauses","status":"publish","type":"page","link":"https:\/\/www.feuerwehr-daun.de\/wp\/feuerwehr\/feuerwehrhaus\/bau-des-feuerwehrhauses\/","title":{"rendered":"Bau des Feuerwehrhauses"},"content":{"rendered":"<p>[singlepic id=174 w=320 h=240 float=right]Im Laufe der Jahre wurde das Feuerwehrhaus am Marktplatz, bedingt durch den enormen Aufgabenzuwachs bei den Feuerwehren zu klein, ein Teil der Fahrzeuge war schon in anderen Garagen und Hallen untergestellt.<\/p>\n<p>Durch diese Umst\u00e4nde bedingt wurde 1979 mit der Planung f\u00fcr ein neues Feuerwehrhaus begonnen, gedacht war an den Umbau der ehemaligen Reithalle. Vorgesehen war ein Geb\u00e4ude zusammen mit dem st\u00e4dtischen Bauhof, dem Gruppenwasserwerk und einer Wohnung f\u00fcr den Ger\u00e4tewart der Feuerwehr.<\/p>\n<p>Nachdem festgestellt wurde, dass die Bausubstanz und die Statik der Reithalle nicht mehr den Anforderungen gen\u00fcgten, wurde das Geb\u00e4ude der ehemaligen Landwirtschaftlichen Hauptgenossenschaft (LHG) in Betracht gezogen, hier erwiesen sich aber die Decke des Untergeschosses als zu schwach f\u00fcr die schweren Fahrzeuge.<\/p>\n<p>[singlepic id=213 w=320 h=240 float=right]Nun wurden \u00dcberlegungen f\u00fcr einen kompletten Neubau gemacht. Zuerst wurde der Raum- und Platzbedarf ermittelt und ein entsprechender Vorschlag von WF Walter Simonis 1985 an die Verbandsgemeindeverwaltung gemacht. Eine entsprechende Baustelle mu\u00dfte gesucht werden, hier bot sich wiederum die Reithalle mit dem Vorplatz als Standort an. Nach dem mehrere Pl\u00e4tze in Betracht gezogen wurde, blieb nur dieser Platz als optimale M\u00f6glichkeit \u00fcbrig.<\/p>\n<p>Das neue Feuerwehrhaus sollte ein kompletter Neubau mit 6 Hallen, einem Schulungsraum, einer Einsatzzentrale, mit Atemschutz- und Schlauchwerkstatt, einem Trockenturm, Sozialr\u00e4umen und einer Wohnung f\u00fcr den Ger\u00e4tewart werden.<\/p>\n<p>1989 wurden in einem Architektenwettbewerb 4 Vorschl\u00e4ge eingereicht, man entschied sich f\u00fcr den Vorschlag von Harald Brand.<br \/>\nZwischenzeitlich war die Wohnung f\u00fcr den Ger\u00e4tewart entfallen, da die Verbandsgemeindeverwaltung ein naheliegendes Wohnhaus daf\u00fcr erwerben konnte.<\/p>\n<p>F\u00fcr die weitere Planung wurde ein Bauausschu\u00df gegr\u00fcndet, dem J. Simonis, W. Simonis, M. Reicherz, G. Schneiders, F. Marder, H. Thielen, R. Thielen, Th. Simonis und H. Kauth angeh\u00f6rten und der sich in der Hauptsache mit der Ausstattung und Ausf\u00fchrung des Neubaues befa\u00dfte.<\/p>\n<p>[singlepic id=214 w=320 h=240 float=right]1992 wurde mit dem Abri\u00df der Reithalle begonnen und im August 1992 mit dem Neubau des Feuerwehrhauses. Das Richtfest konnte dann nach rund einj\u00e4hriger Bauzeit am 4. Oktober 1993 im beisein vom 1. Beigeordneten Werner Kl\u00f6ckner, den Handwerkern, Planern, Mitgliedern des Verbandsgemeinde- und Stadtrates und der Feuerwehr gefeiert werden.<\/p>\n<p>In dem neuen Feuerwehrhaus sind 14 Stellpl\u00e4tze in Doppelboxen, eine Schlauchpflegeanlage f\u00fcr alle Feuerwehren der VG Daun, ein Trocken- und \u00dcbungsturm, eine Atemschutz\u00fcbungsstrecke mit Atemschutzwerkstatt, eine Einsatzzentrale mit Besprechungsraum, Umkleider\u00e4ume sowohl f\u00fcr die M\u00e4nner als auch f\u00fcr die Frauen in der Feuerwehr. Im Obergeschoss befinden sich ein Schulungs- und Jugendraum, die auch f\u00fcr Tagungen und Fortbildungen genutzt werden k\u00f6nnen, sowie die &#8220;Florians-Klause&#8221;.<\/p>\n<p>[singlepic id=215 w=320 h=240 mode=watermark float=right]Der Umzug in das neue Feuerwehrhaus erfolgte im Sommer 1994 und die Einweihung am 17.\/18. September 1994 in Verbindung mit den 111 j\u00e4hrigen Bestehen der Feuerwehr Daun und 10 Jahre Partnerschaft mit der Feuerwehr Carisolo aus Italien.<br \/>\nWehrf\u00fchrer Walter Simonis konnte hierzu Innenminister Walter Zuber, Landrat Albert Nell, B\u00fcrgermeister Werner Kl\u00f6ckner, seinen Vorg\u00e4nger Adolf Waldorf, Wehrleiter Josef Simonis und viele G\u00e4ste begr\u00fc\u00dfen.<br \/>\nGleichzeitig wurde der Feuerwehr ein neues L\u00f6schgruppenfahrzeug \u00fcbergeben und eingesegnet.<\/p>\n<p>B\u00fcrgermeister Kl\u00f6ckner betonte in seiner Ansprache, das dadurch f\u00fcr die VG Daun ein bedeutendes Vorhaben realisiert worden ist. Das Geb\u00e4ude biete Einrichtungen, die den Feuerwehren der VG Daun und teilweise den Feuerwehren des Landkreises zur Verf\u00fcgung stehen. Die Baukosten betrugen insgesamt 4,65 Mio. DM. Die Feuerwehr Daun hat das Vorhaben neben der Durchf\u00fchrung von Arbeiten auch mit ma\u00dfgeblichen finanziellen Mitteln unterst\u00fctzt, so z.B. die Mehrkosten bei dem aus italienischem Granit hergestellten Boden- und Treppenbelag und die Einrichtung der &#8220;Florians-Klause&#8221; getragen.<\/p>\n","protected":false},"excerpt":{"rendered":"<p>[singlepic id=174 w=320 h=240 float=right]Im Laufe der Jahre wurde das Feuerwehrhaus am Marktplatz, bedingt durch den enormen Aufgabenzuwachs bei den Feuerwehren zu klein, ein Teil der Fahrzeuge war schon in anderen Garagen und Hallen untergestellt. Durch diese Umst\u00e4nde bedingt wurde 1979 mit der Planung f\u00fcr ein neues Feuerwehrhaus begonnen, gedacht war an den Umbau der ehemaligen Reithalle. Vorgesehen war ein [&#8230;]<\/p>\n","protected":false},"author":6,"featured_media":0,"parent":11,"menu_order":0,"comment_status":"closed","ping_status":"closed","template":"","meta":{"_s2mail":"","footnotes":""},"class_list":["post-296","page","type-page","status-publish","hentry"],"yoast_head":"<!-- This site is optimized with the Yoast SEO plugin v27.3 - https:\/\/yoast.com\/product\/yoast-seo-wordpress\/ -->\n<title>Bau des Feuerwehrhauses - Freiwillige Feuerwehr Daun<\/title>\n<meta name=\"robots\" content=\"index, follow, max-snippet:-1, max-image-preview:large, max-video-preview:-1\" \/>\n<link rel=\"canonical\" href=\"https:\/\/www.feuerwehr-daun.de\/wp\/feuerwehr\/feuerwehrhaus\/bau-des-feuerwehrhauses\/\" \/>\n<meta property=\"og:locale\" content=\"de_DE\" \/>\n<meta property=\"og:type\" content=\"article\" \/>\n<meta property=\"og:title\" content=\"Bau des Feuerwehrhauses - Freiwillige Feuerwehr Daun\" \/>\n<meta property=\"og:description\" content=\"[singlepic id=174 w=320 h=240 float=right]Im Laufe der Jahre wurde das Feuerwehrhaus am Marktplatz, bedingt durch den enormen Aufgabenzuwachs bei den Feuerwehren zu klein, ein Teil der Fahrzeuge war schon in anderen Garagen und Hallen untergestellt. Durch diese Umst\u00e4nde bedingt wurde 1979 mit der Planung f\u00fcr ein neues Feuerwehrhaus begonnen, gedacht war an den Umbau der ehemaligen Reithalle. Vorgesehen war ein [...]\" \/>\n<meta property=\"og:url\" content=\"https:\/\/www.feuerwehr-daun.de\/wp\/feuerwehr\/feuerwehrhaus\/bau-des-feuerwehrhauses\/\" \/>\n<meta property=\"og:site_name\" content=\"Freiwillige Feuerwehr Daun\" \/>\n<meta property=\"article:publisher\" content=\"http:\/\/www.facebook.com\/feuerwehr.daun\/\" \/>\n<meta property=\"article:modified_time\" content=\"2019-02-23T12:19:01+00:00\" \/>\n<meta name=\"twitter:card\" content=\"summary_large_image\" \/>\n<meta name=\"twitter:site\" content=\"@Feuerwehr_Daun\" \/>\n<meta name=\"twitter:label1\" content=\"Gesch\u00e4tzte Lesezeit\" \/>\n\t<meta name=\"twitter:data1\" content=\"3\u00a0Minuten\" \/>\n<script type=\"application\/ld+json\" class=\"yoast-schema-graph\">{\"@context\":\"https:\\\/\\\/schema.org\",\"@graph\":[{\"@type\":\"WebPage\",\"@id\":\"https:\\\/\\\/www.feuerwehr-daun.de\\\/wp\\\/feuerwehr\\\/feuerwehrhaus\\\/bau-des-feuerwehrhauses\\\/\",\"url\":\"https:\\\/\\\/www.feuerwehr-daun.de\\\/wp\\\/feuerwehr\\\/feuerwehrhaus\\\/bau-des-feuerwehrhauses\\\/\",\"name\":\"Bau des Feuerwehrhauses - Freiwillige Feuerwehr Daun\",\"isPartOf\":{\"@id\":\"https:\\\/\\\/www.feuerwehr-daun.de\\\/wp\\\/#website\"},\"datePublished\":\"2011-08-31T10:41:24+00:00\",\"dateModified\":\"2019-02-23T12:19:01+00:00\",\"breadcrumb\":{\"@id\":\"https:\\\/\\\/www.feuerwehr-daun.de\\\/wp\\\/feuerwehr\\\/feuerwehrhaus\\\/bau-des-feuerwehrhauses\\\/#breadcrumb\"},\"inLanguage\":\"de\",\"potentialAction\":[{\"@type\":\"ReadAction\",\"target\":[\"https:\\\/\\\/www.feuerwehr-daun.de\\\/wp\\\/feuerwehr\\\/feuerwehrhaus\\\/bau-des-feuerwehrhauses\\\/\"]}]},{\"@type\":\"BreadcrumbList\",\"@id\":\"https:\\\/\\\/www.feuerwehr-daun.de\\\/wp\\\/feuerwehr\\\/feuerwehrhaus\\\/bau-des-feuerwehrhauses\\\/#breadcrumb\",\"itemListElement\":[{\"@type\":\"ListItem\",\"position\":1,\"name\":\"Startseite\",\"item\":\"https:\\\/\\\/www.feuerwehr-daun.de\\\/wp\\\/\"},{\"@type\":\"ListItem\",\"position\":2,\"name\":\"Feuerwehr\",\"item\":\"https:\\\/\\\/www.feuerwehr-daun.de\\\/wp\\\/feuerwehr\\\/\"},{\"@type\":\"ListItem\",\"position\":3,\"name\":\"Feuerwehrhaus\",\"item\":\"https:\\\/\\\/www.feuerwehr-daun.de\\\/wp\\\/feuerwehr\\\/feuerwehrhaus\\\/\"},{\"@type\":\"ListItem\",\"position\":4,\"name\":\"Bau des Feuerwehrhauses\"}]},{\"@type\":\"WebSite\",\"@id\":\"https:\\\/\\\/www.feuerwehr-daun.de\\\/wp\\\/#website\",\"url\":\"https:\\\/\\\/www.feuerwehr-daun.de\\\/wp\\\/\",\"name\":\"Freiwillige Feuerwehr Daun\",\"description\":\"\",\"potentialAction\":[{\"@type\":\"SearchAction\",\"target\":{\"@type\":\"EntryPoint\",\"urlTemplate\":\"https:\\\/\\\/www.feuerwehr-daun.de\\\/wp\\\/?s={search_term_string}\"},\"query-input\":{\"@type\":\"PropertyValueSpecification\",\"valueRequired\":true,\"valueName\":\"search_term_string\"}}],\"inLanguage\":\"de\"}]}<\/script>\n<!-- \/ Yoast SEO plugin. -->","yoast_head_json":{"title":"Bau des Feuerwehrhauses - Freiwillige Feuerwehr Daun","robots":{"index":"index","follow":"follow","max-snippet":"max-snippet:-1","max-image-preview":"max-image-preview:large","max-video-preview":"max-video-preview:-1"},"canonical":"https:\/\/www.feuerwehr-daun.de\/wp\/feuerwehr\/feuerwehrhaus\/bau-des-feuerwehrhauses\/","og_locale":"de_DE","og_type":"article","og_title":"Bau des Feuerwehrhauses - Freiwillige Feuerwehr Daun","og_description":"[singlepic id=174 w=320 h=240 float=right]Im Laufe der Jahre wurde das Feuerwehrhaus am Marktplatz, bedingt durch den enormen Aufgabenzuwachs bei den Feuerwehren zu klein, ein Teil der Fahrzeuge war schon in anderen Garagen und Hallen untergestellt. Durch diese Umst\u00e4nde bedingt wurde 1979 mit der Planung f\u00fcr ein neues Feuerwehrhaus begonnen, gedacht war an den Umbau der ehemaligen Reithalle. Vorgesehen war ein [...]","og_url":"https:\/\/www.feuerwehr-daun.de\/wp\/feuerwehr\/feuerwehrhaus\/bau-des-feuerwehrhauses\/","og_site_name":"Freiwillige Feuerwehr Daun","article_publisher":"http:\/\/www.facebook.com\/feuerwehr.daun\/","article_modified_time":"2019-02-23T12:19:01+00:00","twitter_card":"summary_large_image","twitter_site":"@Feuerwehr_Daun","twitter_misc":{"Gesch\u00e4tzte Lesezeit":"3\u00a0Minuten"},"schema":{"@context":"https:\/\/schema.org","@graph":[{"@type":"WebPage","@id":"https:\/\/www.feuerwehr-daun.de\/wp\/feuerwehr\/feuerwehrhaus\/bau-des-feuerwehrhauses\/","url":"https:\/\/www.feuerwehr-daun.de\/wp\/feuerwehr\/feuerwehrhaus\/bau-des-feuerwehrhauses\/","name":"Bau des Feuerwehrhauses - Freiwillige Feuerwehr Daun","isPartOf":{"@id":"https:\/\/www.feuerwehr-daun.de\/wp\/#website"},"datePublished":"2011-08-31T10:41:24+00:00","dateModified":"2019-02-23T12:19:01+00:00","breadcrumb":{"@id":"https:\/\/www.feuerwehr-daun.de\/wp\/feuerwehr\/feuerwehrhaus\/bau-des-feuerwehrhauses\/#breadcrumb"},"inLanguage":"de","potentialAction":[{"@type":"ReadAction","target":["https:\/\/www.feuerwehr-daun.de\/wp\/feuerwehr\/feuerwehrhaus\/bau-des-feuerwehrhauses\/"]}]},{"@type":"BreadcrumbList","@id":"https:\/\/www.feuerwehr-daun.de\/wp\/feuerwehr\/feuerwehrhaus\/bau-des-feuerwehrhauses\/#breadcrumb","itemListElement":[{"@type":"ListItem","position":1,"name":"Startseite","item":"https:\/\/www.feuerwehr-daun.de\/wp\/"},{"@type":"ListItem","position":2,"name":"Feuerwehr","item":"https:\/\/www.feuerwehr-daun.de\/wp\/feuerwehr\/"},{"@type":"ListItem","position":3,"name":"Feuerwehrhaus","item":"https:\/\/www.feuerwehr-daun.de\/wp\/feuerwehr\/feuerwehrhaus\/"},{"@type":"ListItem","position":4,"name":"Bau des Feuerwehrhauses"}]},{"@type":"WebSite","@id":"https:\/\/www.feuerwehr-daun.de\/wp\/#website","url":"https:\/\/www.feuerwehr-daun.de\/wp\/","name":"Freiwillige Feuerwehr Daun","description":"","potentialAction":[{"@type":"SearchAction","target":{"@type":"EntryPoint","urlTemplate":"https:\/\/www.feuerwehr-daun.de\/wp\/?s={search_term_string}"},"query-input":{"@type":"PropertyValueSpecification","valueRequired":true,"valueName":"search_term_string"}}],"inLanguage":"de"}]}},"_links":{"self":[{"href":"https:\/\/www.feuerwehr-daun.de\/wp\/wp-json\/wp\/v2\/pages\/296","targetHints":{"allow":["GET"]}}],"collection":[{"href":"https:\/\/www.feuerwehr-daun.de\/wp\/wp-json\/wp\/v2\/pages"}],"about":[{"href":"https:\/\/www.feuerwehr-daun.de\/wp\/wp-json\/wp\/v2\/types\/page"}],"author":[{"embeddable":true,"href":"https:\/\/www.feuerwehr-daun.de\/wp\/wp-json\/wp\/v2\/users\/6"}],"replies":[{"embeddable":true,"href":"https:\/\/www.feuerwehr-daun.de\/wp\/wp-json\/wp\/v2\/comments?post=296"}],"version-history":[{"count":2,"href":"https:\/\/www.feuerwehr-daun.de\/wp\/wp-json\/wp\/v2\/pages\/296\/revisions"}],"predecessor-version":[{"id":4642,"href":"https:\/\/www.feuerwehr-daun.de\/wp\/wp-json\/wp\/v2\/pages\/296\/revisions\/4642"}],"up":[{"embeddable":true,"href":"https:\/\/www.feuerwehr-daun.de\/wp\/wp-json\/wp\/v2\/pages\/11"}],"wp:attachment":[{"href":"https:\/\/www.feuerwehr-daun.de\/wp\/wp-json\/wp\/v2\/media?parent=296"}],"curies":[{"name":"wp","href":"https:\/\/api.w.org\/{rel}","templated":true}]}}